{"id":13,"date":"2024-01-06T22:17:13","date_gmt":"2024-01-06T21:17:13","guid":{"rendered":"https:\/\/aimernaitre.fr\/?page_id=13"},"modified":"2024-04-27T21:43:23","modified_gmt":"2024-04-27T19:43:23","slug":"colibri-wp","status":"publish","type":"page","link":"https:\/\/aimernaitre.fr\/","title":{"rendered":"Front Page"},"content":{"rendered":"<div data-colibri-id=\"13-c1\" class=\"style-197 style-local-13-c1 position-relative\">\n  <!---->\n  <div data-colibri-component=\"section\" data-colibri-id=\"13-c20\" id=\"features\" class=\"h-section h-section-global-spacing d-flex align-items-lg-center align-items-md-center align-items-center style-214 style-local-13-c20 position-relative\">\n    <!---->\n    <!---->\n    <div class=\"h-section-grid-container h-section-boxed-container\">\n      <div data-colibri-id=\"13-c34\" class=\"h-row-container gutters-row-lg-2 gutters-row-md-2 gutters-row-0 gutters-row-v-lg-2 gutters-row-v-md-2 gutters-row-v-2 style-219 style-local-13-c34 position-relative\">\n        <!---->\n        <div class=\"h-row justify-content-lg-center justify-content-md-center justify-content-center align-items-lg-stretch align-items-md-stretch align-items-stretch gutters-col-lg-2 gutters-col-md-2 gutters-col-0 gutters-col-v-lg-2 gutters-col-v-md-2 gutters-col-v-2\">\n          <!---->\n          <div class=\"h-column h-column-container d-flex h-col-lg-auto h-col-md-auto h-col-auto style-220-outer style-local-13-c35-outer\">\n            <div data-colibri-id=\"13-c35\" class=\"d-flex h-flex-basis h-column__inner h-px-lg-2 h-px-md-2 h-px-2 v-inner-lg-2 v-inner-md-2 v-inner-2 style-220 style-local-13-c35 position-relative\">\n              <!---->\n              <!---->\n              <div class=\"w-100 h-y-container h-column__content h-column__v-align flex-basis-100 align-self-lg-start align-self-md-start align-self-start\">\n                <!---->\n                <div data-colibri-id=\"13-c36\" class=\"h-global-transition-all h-heading style-221 style-local-13-c36 position-relative h-element\">\n                  <!---->\n                  <div class=\"h-heading__outer style-221 style-local-13-c36\">\n                    <!---->\n                    <!---->\n                    <h2 class=\"\">Adh\u00e9rente aux organismes et associations<\/h2>\n                  <\/div>\n                <\/div>\n                <div data-colibri-id=\"13-c37\" class=\"h-lead h-text h-text-component style-222 style-local-13-c37 position-relative h-element\">\n                  <!---->\n                  <!---->\n                  <div class=\"\"><\/div>\n                <\/div>\n              <\/div>\n            <\/div>\n          <\/div>\n        <\/div>\n      <\/div>\n      <div data-colibri-id=\"13-c21\" class=\"h-row-container gutters-row-lg-2 gutters-row-md-2 gutters-row-2 gutters-row-v-lg-2 gutters-row-v-md-2 gutters-row-v-2 style-215 style-local-13-c21 position-relative\">\n        <!---->\n        <div class=\"h-row justify-content-lg-center justify-content-md-center justify-content-center align-items-lg-stretch align-items-md-stretch align-items-stretch gutters-col-lg-2 gutters-col-md-2 gutters-col-2 gutters-col-v-lg-2 gutters-col-v-md-2 gutters-col-v-2\">\n          <!---->\n          <div class=\"h-column h-column-container d-flex h-col-lg-3 h-col-md-3 h-col-6 style-216-outer style-local-13-c22-outer\">\n            <div data-colibri-id=\"13-c22\" class=\"d-flex h-flex-basis h-column__inner h-px-lg-0 h-px-md-0 h-px-0 v-inner-lg-0 v-inner-md-0 v-inner-2 style-216 style-local-13-c22 position-relative\">\n              <!---->\n              <!---->\n              <div class=\"w-100 h-y-container h-column__content h-column__v-align flex-basis-100 align-self-lg-start align-self-md-start align-self-start\">\n                <!---->\n                <div data-colibri-id=\"13-c24\" class=\"h-global-transition-all h-heading style-218 style-local-13-c24 position-relative h-element\">\n                  <!---->\n                  <div class=\"h-heading__outer style-218 style-local-13-c24\">\n                    <!---->\n                    <!---->\n                    <h4 class=\"\">Chambre syndicale de la sophrologie<\/h4>\n                  <\/div>\n                <\/div>\n              <\/div>\n            <\/div>\n          <\/div>\n          <div class=\"h-column h-column-container d-flex h-col-lg-3 h-col-md-3 h-col-6 style-216-outer style-local-13-c25-outer\">\n            <div data-colibri-id=\"13-c25\" class=\"d-flex h-flex-basis h-column__inner h-px-lg-0 h-px-md-0 h-px-0 v-inner-lg-0 v-inner-md-0 v-inner-2 style-216 style-local-13-c25 position-relative\">\n              <!---->\n              <!---->\n              <div class=\"w-100 h-y-container h-column__content h-column__v-align flex-basis-100 align-self-lg-start align-self-md-start align-self-start\">\n                <!---->\n                <div data-colibri-id=\"13-c27\" class=\"h-global-transition-all h-heading style-218 style-local-13-c27 position-relative h-element\">\n                  <!---->\n                  <div class=\"h-heading__outer style-218 style-local-13-c27\">\n                    <!---->\n                    <!---->\n                    <h4 class=\"\">Chambre nationale des praticiens de la m\u00e9diation<\/h4>\n                  <\/div>\n                <\/div>\n              <\/div>\n            <\/div>\n          <\/div>\n          <div class=\"h-column h-column-container d-flex h-col-lg-3 h-col-md-3 h-col-6 style-216-outer style-local-13-c28-outer\">\n            <div data-colibri-id=\"13-c28\" class=\"d-flex h-flex-basis h-column__inner h-px-lg-0 h-px-md-0 h-px-0 v-inner-lg-0 v-inner-md-0 v-inner-2 style-216 style-local-13-c28 position-relative\">\n              <!---->\n              <!---->\n              <div class=\"w-100 h-y-container h-column__content h-column__v-align flex-basis-100 align-self-lg-start align-self-md-start align-self-start\">\n                <!---->\n                <div data-colibri-id=\"13-c30\" class=\"h-global-transition-all h-heading style-218 style-local-13-c30 position-relative h-element\">\n                  <!---->\n                  <div class=\"h-heading__outer style-218 style-local-13-c30\">\n                    <!---->\n                    <!---->\n                    <h4 class=\"\">Association des Doulas de France<\/h4>\n                  <\/div>\n                <\/div>\n              <\/div>\n            <\/div>\n          <\/div>\n          <div class=\"h-column h-column-container d-flex h-col-lg-3 h-col-md-3 h-col-6 style-216-outer style-local-13-c31-outer\">\n            <div data-colibri-id=\"13-c31\" class=\"d-flex h-flex-basis h-column__inner h-px-lg-0 h-px-md-0 h-px-0 v-inner-lg-0 v-inner-md-0 v-inner-2 style-216 style-local-13-c31 position-relative\">\n              <!---->\n              <!---->\n              <div class=\"w-100 h-y-container h-column__content h-column__v-align flex-basis-100 align-self-lg-start align-self-md-start align-self-start\">\n                <!---->\n                <div data-colibri-id=\"13-c33\" class=\"h-global-transition-all h-heading style-218 style-local-13-c33 position-relative h-element\">\n                  <!---->\n                  <div class=\"h-heading__outer style-218 style-local-13-c33\">\n                    <!---->\n                    <!---->\n                    <h4 class=\"\">Association Bien Na\u00eetre en Mayenne<\/h4>\n                  <\/div>\n                <\/div>\n              <\/div>\n            <\/div>\n          <\/div>\n        <\/div>\n      <\/div>\n    <\/div>\n  <\/div>\n<\/div>","protected":false},"excerpt":{"rendered":"<p>Adh\u00e9rente aux organismes et associations Chambre syndicale de la sophrologie Chambre nationale des praticiens de la m\u00e9diation Association des Doulas de France Association Bien Na\u00eetre en Mayenne<\/p>\n","protected":false},"author":1,"featured_media":0,"parent":0,"menu_order":0,"comment_status":"closed","ping_status":"closed","template":"page-templates\/homepage.php","meta":{"footnotes":""},"class_list":["post-13","page","type-page","status-publish","hentry"],"_links":{"self":[{"href":"https:\/\/aimernaitre.fr\/index.php?rest_route=\/wp\/v2\/pages\/13","targetHints":{"allow":["GET"]}}],"collection":[{"href":"https:\/\/aimernaitre.fr\/index.php?rest_route=\/wp\/v2\/pages"}],"about":[{"href":"https:\/\/aimernaitre.fr\/index.php?rest_route=\/wp\/v2\/types\/page"}],"author":[{"embeddable":true,"href":"https:\/\/aimernaitre.fr\/index.php?rest_route=\/wp\/v2\/users\/1"}],"replies":[{"embeddable":true,"href":"https:\/\/aimernaitre.fr\/index.php?rest_route=%2Fwp%2Fv2%2Fcomments&post=13"}],"version-history":[{"count":9,"href":"https:\/\/aimernaitre.fr\/index.php?rest_route=\/wp\/v2\/pages\/13\/revisions"}],"predecessor-version":[{"id":196,"href":"https:\/\/aimernaitre.fr\/index.php?rest_route=\/wp\/v2\/pages\/13\/revisions\/196"}],"wp:attachment":[{"href":"https:\/\/aimernaitre.fr\/index.php?rest_route=%2Fwp%2Fv2%2Fmedia&parent=13"}],"curies":[{"name":"wp","href":"https:\/\/api.w.org\/{rel}","templated":true}]}}